{"id":231,"date":"2025-03-29T16:19:31","date_gmt":"2025-03-29T15:19:31","guid":{"rendered":"https:\/\/www.mauriziorestaldo.com\/hinweise-zum-datenschutz\/"},"modified":"2025-04-17T17:32:23","modified_gmt":"2025-04-17T15:32:23","slug":"hinweise-zum-datenschutz","status":"publish","type":"page","link":"https:\/\/www.mauriziorestaldo.com\/de\/hinweise-zum-datenschutz\/","title":{"rendered":"Hinweise zum Datenschutz"},"content":{"rendered":"<h3>Aufkl\u00e4rungsschreiben im Sinne der DSGVO 2016\/679<\/h3>\n<p>im Sinne des Art. 13 der DSGVO 2016\/679 zum Schutz pers\u00f6nlicher Daten werden Ihre Daten nach den Prinzipien der Korrektheit, Legalit\u00e4t und Transparenz sowie unter Ber\u00fccksichtigung ihrer Privatsph\u00e4re und Ihrer Rechte behandelt. Im Sinne des Art. 13 der DSGVO 2016\/679 gelten folgende Richtlinien zur Datenverarbeitung: <\/p>\n<h3>1. Verantwortlicher der Datenverarbeitung<\/h3>\n<p>Der Verantwortliche der pers\u00f6nlichen Daten ist Maurizio Restaldo, Arzt. E-Mail: <a href=\"mailto:&#109;r&#101;&#115;&#116;&#97;l&#100;&#111;&#64;&#121;a&#104;&#111;&#111;.&#105;t\" title=\"E-Mail\">&#109;&#114;esta&#108;do&#64;yah&#111;&#111;.&#105;t<\/a>.<\/p>\n<h3>2. Zweck der Datenverarbeitung<\/h3>\n<p>Der Verantwortliche verarbeitet Ihre pers\u00f6nlichen Daten (Vorname, Nachname, E-Mail, Telefonnummer), welche aufgrund abgeschlossener Handels- und Vertragsverh\u00e4ltnisse und\/oder Anfragen zu unseren Diensten\/Produkten gesammelt wurden, f\u00fcr folgende Zwecke: Ausf\u00fchrung vorvertraglicher, vertraglicher Ma\u00dfnahmen und Verpflichtungen, Erf\u00fcllung steuerrechtlicher und gesetzlicher Verpflichtungen.<\/p>\n<h3>3. Rechtsgrundlage der Datenverarbeitung<\/h3>\n<p>Die Datenverarbeitung ist rechtm\u00e4\u00dfig, da: sie f\u00fcr die Erf\u00fcllung eines Vertrags oder zur Durchf\u00fchrung vorvertraglicher Ma\u00dfnahmen erforderlich ist; sie zur Erf\u00fcllung einer rechtlichen Verpflichtung erforderlich ist.<\/p>\n<h3>4. Folgen bei mangelnder \u00dcbermittlung der personenbezogenen Daten<\/h3>\n<p>Die unvollst\u00e4ndige Datenvermittlung hat die Nichterf\u00fcllung der vorvertraglichen und vertraglichen Verpflichtungen zur Folge.<\/p>\n<h3>5. Dauer Aufbewahrung<\/h3>\n<p>Die Daten werden bis zur Erf\u00fcllung der Vertragsausf\u00fchrung aufbewahrt und dann gel\u00f6scht, sofern nicht aus steuerrechtlichen und gesetzlichen Gr\u00fcnden anders verlangt.<\/p>\n<h3>6. Weitergabe der Daten<\/h3>\n<p>Die Daten werden hausintern von daf\u00fcr berechtigten Personen mittels elektronischer Systeme oder in Papierform verarbeitet und \u00fcbertragen. Die Daten werden in internen digitalen und IT-Archiven und auf jeden Fall auf italienischem Staatsgebiet gespeichert. Ihre Daten k\u00f6nnen \u00fcbermittelt werden an: Berater (Rechts-Wirtschafts-Steuerberater), Bankinstitute, Homepageverwalter, EDV-Verwalter und IT-Berater, Versanddienste und all jene, deren Dienstleistung unabdinglich ist um obernangef\u00fchrte Zwecke (Punkt 2) auszuf\u00fchren und gesetzliche Verpflichtungen zu erf\u00fcllen. Falls gesetzlich vorgesehen oder eingefordert an; Gerichtsbeh\u00f6rden oder andere K\u00f6rperschaften.  <\/p>\n<h3>7. \u00dcbermittlung an Drittl\u00e4nder<\/h3>\n<p>Die personenbezogenen Daten werden nicht an Drittl\u00e4nder weitergegeben.<\/p>\n<h3>8. Bestehen automatisierter Entscheidungsprozesse<\/h3>\n<p>Die Verarbeitung Ihrer Daten unterliegt keiner automatisierten Entscheidungsfindung einschlie\u00dflich Profiling.<\/p>\n<h3>9. Rechte der betroffenen Person<\/h3>\n<p>Die betroffene Person hat zu jeder Zeit das Recht:<\/p>\n<ul class=\"liste\">\n<li>Auskunft laut Art. 15 GSDVO \u00fcber die erhobenen Daten und dementsprechende Informationen zu erhalten, diese eventuell richtigzustellen, zu aktualisieren oder deren L\u00f6schung zu erlangen;<\/li>\n<li>die Einschr\u00e4nkung der Verarbeitung zu erlangen oder ein Widerspruchrechts gegen die Verarbeitung einzureichen;<\/li>\n<li>falls m\u00f6glich, die personenbezogenen Daten in einem strukturierten, g\u00e4ngigen und maschinenlesbaren Format zu erhalten, sowie alle \u00fcbrigen gesetzlich zuerkannten Rechte geltend zu machen (Recht auf Daten\u00fcbertragbarkeit);<\/li>\n<li>Beschwerde bei der Aufsichtsbeh\u00f6rde einzureichen (www.garanteprivacy.it).<\/li>\n<\/ul>\n<p>F\u00fcr die Aus\u00fcbung genannter Rechte ist es notwendig den Verantwortlichen f\u00fcr die Datenverarbeitung \u00fcber die E-Mail <a href=\"mailto:&#109;&#114;es&#116;ald&#111;&#64;yah&#111;&#111;.&#105;&#116;\" title=\"E-Mail\">mres&#116;&#97;ld&#111;&#64;yah&#111;&#111;.&#105;&#116;<\/a> zu kontaktieren.<\/p>\n","protected":false},"excerpt":{"rendered":"<p>Aufkl\u00e4rungsschreiben im Sinne der DSGVO 2016\/679 im Sinne des Art. 13 der DSGVO 2016\/679 zum Schutz pers\u00f6nlicher Daten werden Ihre Daten nach den Prinzipien der Korrektheit, Legalit\u00e4t und Transparenz sowie unter Ber\u00fccksichtigung ihrer Privatsph\u00e4re und Ihrer Rechte behandelt. Im Sinne des Art. 13 der DSGVO 2016\/679 gelten folgende Richtlinien zur Datenverarbeitung: 1. Verantwortlicher der Datenverarbeitung [&hellip;]<\/p>\n","protected":false},"author":1,"featured_media":0,"parent":0,"menu_order":8,"comment_status":"closed","ping_status":"closed","template":"","meta":{"footnotes":""},"class_list":["post-231","page","type-page","status-publish","hentry"],"yoast_head":"<!-- This site is optimized with the Yoast SEO plugin v27.3 - https:\/\/yoast.com\/product\/yoast-seo-wordpress\/ -->\n<title>Hinweise zum Datenschutz - Maurizio Restaldo<\/title>\n<meta name=\"robots\" content=\"index, follow, max-snippet:-1, max-image-preview:large, max-video-preview:-1\" \/>\n<link rel=\"canonical\" href=\"https:\/\/www.mauriziorestaldo.com\/privacy\/\" \/>\n<meta property=\"og:locale\" content=\"de_DE\" \/>\n<meta property=\"og:type\" content=\"article\" \/>\n<meta property=\"og:title\" content=\"Hinweise zum Datenschutz - Maurizio Restaldo\" \/>\n<meta property=\"og:description\" content=\"Aufkl\u00e4rungsschreiben im Sinne der DSGVO 2016\/679 im Sinne des Art. 13 der DSGVO 2016\/679 zum Schutz pers\u00f6nlicher Daten werden Ihre Daten nach den Prinzipien der Korrektheit, Legalit\u00e4t und Transparenz sowie unter Ber\u00fccksichtigung ihrer Privatsph\u00e4re und Ihrer Rechte behandelt. Im Sinne des Art. 13 der DSGVO 2016\/679 gelten folgende Richtlinien zur Datenverarbeitung: 1. Verantwortlicher der Datenverarbeitung [&hellip;]\" \/>\n<meta property=\"og:url\" content=\"https:\/\/www.mauriziorestaldo.com\/privacy\/\" \/>\n<meta property=\"og:site_name\" content=\"Maurizio Restaldo\" \/>\n<meta property=\"article:modified_time\" content=\"2025-04-17T15:32:23+00:00\" \/>\n<meta name=\"twitter:card\" content=\"summary_large_image\" \/>\n<meta name=\"twitter:label1\" content=\"Gesch\u00e4tzte Lesezeit\" \/>\n\t<meta name=\"twitter:data1\" content=\"2\u00a0Minuten\" \/>\n<script type=\"application\/ld+json\" class=\"yoast-schema-graph\">{\"@context\":\"https:\\\/\\\/schema.org\",\"@graph\":[{\"@type\":\"WebPage\",\"@id\":\"https:\\\/\\\/www.mauriziorestaldo.com\\\/privacy\\\/\",\"url\":\"https:\\\/\\\/www.mauriziorestaldo.com\\\/privacy\\\/\",\"name\":\"Hinweise zum Datenschutz - Maurizio Restaldo\",\"isPartOf\":{\"@id\":\"https:\\\/\\\/www.mauriziorestaldo.com\\\/#website\"},\"datePublished\":\"2025-03-29T15:19:31+00:00\",\"dateModified\":\"2025-04-17T15:32:23+00:00\",\"breadcrumb\":{\"@id\":\"https:\\\/\\\/www.mauriziorestaldo.com\\\/privacy\\\/#breadcrumb\"},\"inLanguage\":\"de\",\"potentialAction\":[{\"@type\":\"ReadAction\",\"target\":[\"https:\\\/\\\/www.mauriziorestaldo.com\\\/privacy\\\/\"]}]},{\"@type\":\"BreadcrumbList\",\"@id\":\"https:\\\/\\\/www.mauriziorestaldo.com\\\/privacy\\\/#breadcrumb\",\"itemListElement\":[{\"@type\":\"ListItem\",\"position\":1,\"name\":\"Start\",\"item\":\"https:\\\/\\\/www.mauriziorestaldo.com\\\/de\\\/\"},{\"@type\":\"ListItem\",\"position\":2,\"name\":\"Hinweise zum Datenschutz\"}]},{\"@type\":\"WebSite\",\"@id\":\"https:\\\/\\\/www.mauriziorestaldo.com\\\/#website\",\"url\":\"https:\\\/\\\/www.mauriziorestaldo.com\\\/\",\"name\":\"Maurizio Restaldo\",\"description\":\"Medicina - Osteopatia - Agopuntura  &amp;  Root Motion\",\"potentialAction\":[{\"@type\":\"SearchAction\",\"target\":{\"@type\":\"EntryPoint\",\"urlTemplate\":\"https:\\\/\\\/www.mauriziorestaldo.com\\\/?s={search_term_string}\"},\"query-input\":{\"@type\":\"PropertyValueSpecification\",\"valueRequired\":true,\"valueName\":\"search_term_string\"}}],\"inLanguage\":\"de\"}]}<\/script>\n<!-- \/ Yoast SEO plugin. -->","yoast_head_json":{"title":"Hinweise zum Datenschutz - Maurizio Restaldo","robots":{"index":"index","follow":"follow","max-snippet":"max-snippet:-1","max-image-preview":"max-image-preview:large","max-video-preview":"max-video-preview:-1"},"canonical":"https:\/\/www.mauriziorestaldo.com\/privacy\/","og_locale":"de_DE","og_type":"article","og_title":"Hinweise zum Datenschutz - Maurizio Restaldo","og_description":"Aufkl\u00e4rungsschreiben im Sinne der DSGVO 2016\/679 im Sinne des Art. 13 der DSGVO 2016\/679 zum Schutz pers\u00f6nlicher Daten werden Ihre Daten nach den Prinzipien der Korrektheit, Legalit\u00e4t und Transparenz sowie unter Ber\u00fccksichtigung ihrer Privatsph\u00e4re und Ihrer Rechte behandelt. Im Sinne des Art. 13 der DSGVO 2016\/679 gelten folgende Richtlinien zur Datenverarbeitung: 1. Verantwortlicher der Datenverarbeitung [&hellip;]","og_url":"https:\/\/www.mauriziorestaldo.com\/privacy\/","og_site_name":"Maurizio Restaldo","article_modified_time":"2025-04-17T15:32:23+00:00","twitter_card":"summary_large_image","twitter_misc":{"Gesch\u00e4tzte Lesezeit":"2\u00a0Minuten"},"schema":{"@context":"https:\/\/schema.org","@graph":[{"@type":"WebPage","@id":"https:\/\/www.mauriziorestaldo.com\/privacy\/","url":"https:\/\/www.mauriziorestaldo.com\/privacy\/","name":"Hinweise zum Datenschutz - Maurizio Restaldo","isPartOf":{"@id":"https:\/\/www.mauriziorestaldo.com\/#website"},"datePublished":"2025-03-29T15:19:31+00:00","dateModified":"2025-04-17T15:32:23+00:00","breadcrumb":{"@id":"https:\/\/www.mauriziorestaldo.com\/privacy\/#breadcrumb"},"inLanguage":"de","potentialAction":[{"@type":"ReadAction","target":["https:\/\/www.mauriziorestaldo.com\/privacy\/"]}]},{"@type":"BreadcrumbList","@id":"https:\/\/www.mauriziorestaldo.com\/privacy\/#breadcrumb","itemListElement":[{"@type":"ListItem","position":1,"name":"Start","item":"https:\/\/www.mauriziorestaldo.com\/de\/"},{"@type":"ListItem","position":2,"name":"Hinweise zum Datenschutz"}]},{"@type":"WebSite","@id":"https:\/\/www.mauriziorestaldo.com\/#website","url":"https:\/\/www.mauriziorestaldo.com\/","name":"Maurizio Restaldo","description":"Medicina - Osteopatia - Agopuntura  &amp;  Root Motion","potentialAction":[{"@type":"SearchAction","target":{"@type":"EntryPoint","urlTemplate":"https:\/\/www.mauriziorestaldo.com\/?s={search_term_string}"},"query-input":{"@type":"PropertyValueSpecification","valueRequired":true,"valueName":"search_term_string"}}],"inLanguage":"de"}]}},"_links":{"self":[{"href":"https:\/\/www.mauriziorestaldo.com\/de\/wp-json\/wp\/v2\/pages\/231","targetHints":{"allow":["GET"]}}],"collection":[{"href":"https:\/\/www.mauriziorestaldo.com\/de\/wp-json\/wp\/v2\/pages"}],"about":[{"href":"https:\/\/www.mauriziorestaldo.com\/de\/wp-json\/wp\/v2\/types\/page"}],"author":[{"embeddable":true,"href":"https:\/\/www.mauriziorestaldo.com\/de\/wp-json\/wp\/v2\/users\/1"}],"replies":[{"embeddable":true,"href":"https:\/\/www.mauriziorestaldo.com\/de\/wp-json\/wp\/v2\/comments?post=231"}],"version-history":[{"count":0,"href":"https:\/\/www.mauriziorestaldo.com\/de\/wp-json\/wp\/v2\/pages\/231\/revisions"}],"wp:attachment":[{"href":"https:\/\/www.mauriziorestaldo.com\/de\/wp-json\/wp\/v2\/media?parent=231"}],"curies":[{"name":"wp","href":"https:\/\/api.w.org\/{rel}","templated":true}]}}