{"id":227,"date":"2025-03-29T16:19:55","date_gmt":"2025-03-29T15:19:55","guid":{"rendered":"https:\/\/www.mauriziorestaldo.com\/impressum\/"},"modified":"2025-04-17T17:38:20","modified_gmt":"2025-04-17T15:38:20","slug":"impressum","status":"publish","type":"page","link":"https:\/\/www.mauriziorestaldo.com\/de\/impressum\/","title":{"rendered":"Impressum"},"content":{"rendered":"<h3>Herausgeber &amp; Eigent\u00fcmer<\/h3>\n<p>Maurizio Restaldo, Arzt<br \/>\n<a href=\"mailto:&#109;r&#101;&#115;t&#97;ldo&#64;yahoo&#46;i&#116;\" title=\"E-Mail\">&#109;r&#101;sta&#108;do&#64;&#121;a&#104;o&#111;&#46;i&#116;<\/a><\/p>\n<h3>Design, Programmierung &amp; CMS<\/h3>\n<p>ps-design<br \/>\nd. Pircher Stefan<br \/>\n<a href=\"mailto:&#105;nfo&#64;&#112;s&#45;d&#101;si&#103;&#110;&#46;&#105;t\" title=\"E-Mail\">&#105;&#110;fo&#64;ps-&#100;&#101;si&#103;n.&#105;t<\/a><\/p>\n<h3>Fotos &amp; Bildquellen<\/h3>\n<p>Dr. Maurizio Restaldo, ps-design<\/p>\n<h3>Hinweise &amp; Haftungsausschluss<\/h3>\n<p>Alle Angaben und Inhalte dieser Internet-Seite wurden von uns sorgf\u00e4ltig \u00fcberpr\u00fcft. Trotz aller Sorgfalt kann keine Haftung oder Garantie f\u00fcr die Richtigkeit, Vollst\u00e4ndigkeit und Aktualit\u00e4t der Daten \u00fcbernommen werden. Maurizio Restaldo ist f\u00fcr den Inhalt der Websites, die aufgrund einer solchen Verbindung erreicht werden, nicht verantwortlich. Dies gilt auch f\u00fcr alle anderen Websites, auf die mit Hyperlinks verwiesen wird. Wir behalten uns das Recht vor, Aktualisierungen, \u00c4nderungen oder Erg\u00e4nzungen an den bereitgestellten Informationen und Daten vorzunehmen.<\/p>\n<h3>EU-Streitschlichtung<\/h3>\n<p>Die Europ\u00e4ische Kommission stellt eine <a href=\"https:\/\/ec.europa.eu\/consumers\/odr\" target=\"_blank\" rel=\"noopener\">Plattform zur Online-Streitbeilegung (OS)<\/a> bereit. Unsere E-Mail-Adresse finden Sie weiter oben.<\/p>\n<h3>Copyright<\/h3>\n<p>Konzept, Struktur und Inhalt dieser Website ist urheberrechtlich gesch\u00fctzt. Die Vervielf\u00e4ltigung von Informationen oder Daten, insbesondere die Verwendung von Texten, Textteilen oder Bildmaterial bedarf der vorherigen Zustimmung von Maurizio Restaldo.<\/p>\n<h3>CMS-System<\/h3>\n<p>powered by <a href=\"\/\/it.wordpress.org\" target=\"_blank\" rel=\"noopener noreferrer\">WordPress<\/a><\/p>\n","protected":false},"excerpt":{"rendered":"<p>Herausgeber &amp; Eigent\u00fcmer Maurizio Restaldo, Arzt Design, Programmierung &amp; CMS ps-design d. Pircher Stefan Fotos &amp; Bildquellen Dr. Maurizio Restaldo, ps-design Hinweise &amp; Haftungsausschluss Alle Angaben und Inhalte dieser Internet-Seite wurden von uns sorgf\u00e4ltig \u00fcberpr\u00fcft. Trotz aller Sorgfalt kann keine Haftung oder Garantie f\u00fcr die Richtigkeit, Vollst\u00e4ndigkeit und Aktualit\u00e4t der Daten \u00fcbernommen werden. Maurizio Restaldo [&hellip;]<\/p>\n","protected":false},"author":1,"featured_media":0,"parent":0,"menu_order":9,"comment_status":"closed","ping_status":"closed","template":"","meta":{"footnotes":""},"class_list":["post-227","page","type-page","status-publish","hentry"],"yoast_head":"<!-- This site is optimized with the Yoast SEO plugin v27.3 - https:\/\/yoast.com\/product\/yoast-seo-wordpress\/ -->\n<title>Impressum - Maurizio Restaldo<\/title>\n<meta name=\"robots\" content=\"index, follow, max-snippet:-1, max-image-preview:large, max-video-preview:-1\" \/>\n<link rel=\"canonical\" href=\"https:\/\/www.mauriziorestaldo.com\/note-legali\/\" \/>\n<meta property=\"og:locale\" content=\"de_DE\" \/>\n<meta property=\"og:type\" content=\"article\" \/>\n<meta property=\"og:title\" content=\"Impressum - Maurizio Restaldo\" \/>\n<meta property=\"og:description\" content=\"Herausgeber &amp; Eigent\u00fcmer Maurizio Restaldo, Arzt Design, Programmierung &amp; CMS ps-design d. Pircher Stefan Fotos &amp; Bildquellen Dr. Maurizio Restaldo, ps-design Hinweise &amp; Haftungsausschluss Alle Angaben und Inhalte dieser Internet-Seite wurden von uns sorgf\u00e4ltig \u00fcberpr\u00fcft. Trotz aller Sorgfalt kann keine Haftung oder Garantie f\u00fcr die Richtigkeit, Vollst\u00e4ndigkeit und Aktualit\u00e4t der Daten \u00fcbernommen werden. Maurizio Restaldo [&hellip;]\" \/>\n<meta property=\"og:url\" content=\"https:\/\/www.mauriziorestaldo.com\/note-legali\/\" \/>\n<meta property=\"og:site_name\" content=\"Maurizio Restaldo\" \/>\n<meta property=\"article:modified_time\" content=\"2025-04-17T15:38:20+00:00\" \/>\n<meta name=\"twitter:card\" content=\"summary_large_image\" \/>\n<meta name=\"twitter:label1\" content=\"Gesch\u00e4tzte Lesezeit\" \/>\n\t<meta name=\"twitter:data1\" content=\"1\u00a0Minute\" \/>\n<script type=\"application\/ld+json\" class=\"yoast-schema-graph\">{\"@context\":\"https:\\\/\\\/schema.org\",\"@graph\":[{\"@type\":\"WebPage\",\"@id\":\"https:\\\/\\\/www.mauriziorestaldo.com\\\/note-legali\\\/\",\"url\":\"https:\\\/\\\/www.mauriziorestaldo.com\\\/note-legali\\\/\",\"name\":\"Impressum - Maurizio Restaldo\",\"isPartOf\":{\"@id\":\"https:\\\/\\\/www.mauriziorestaldo.com\\\/#website\"},\"datePublished\":\"2025-03-29T15:19:55+00:00\",\"dateModified\":\"2025-04-17T15:38:20+00:00\",\"breadcrumb\":{\"@id\":\"https:\\\/\\\/www.mauriziorestaldo.com\\\/note-legali\\\/#breadcrumb\"},\"inLanguage\":\"de\",\"potentialAction\":[{\"@type\":\"ReadAction\",\"target\":[\"https:\\\/\\\/www.mauriziorestaldo.com\\\/note-legali\\\/\"]}]},{\"@type\":\"BreadcrumbList\",\"@id\":\"https:\\\/\\\/www.mauriziorestaldo.com\\\/note-legali\\\/#breadcrumb\",\"itemListElement\":[{\"@type\":\"ListItem\",\"position\":1,\"name\":\"Start\",\"item\":\"https:\\\/\\\/www.mauriziorestaldo.com\\\/de\\\/\"},{\"@type\":\"ListItem\",\"position\":2,\"name\":\"Impressum\"}]},{\"@type\":\"WebSite\",\"@id\":\"https:\\\/\\\/www.mauriziorestaldo.com\\\/#website\",\"url\":\"https:\\\/\\\/www.mauriziorestaldo.com\\\/\",\"name\":\"Maurizio Restaldo\",\"description\":\"Medicina - Osteopatia - Agopuntura  &amp;  Root Motion\",\"potentialAction\":[{\"@type\":\"SearchAction\",\"target\":{\"@type\":\"EntryPoint\",\"urlTemplate\":\"https:\\\/\\\/www.mauriziorestaldo.com\\\/?s={search_term_string}\"},\"query-input\":{\"@type\":\"PropertyValueSpecification\",\"valueRequired\":true,\"valueName\":\"search_term_string\"}}],\"inLanguage\":\"de\"}]}<\/script>\n<!-- \/ Yoast SEO plugin. -->","yoast_head_json":{"title":"Impressum - Maurizio Restaldo","robots":{"index":"index","follow":"follow","max-snippet":"max-snippet:-1","max-image-preview":"max-image-preview:large","max-video-preview":"max-video-preview:-1"},"canonical":"https:\/\/www.mauriziorestaldo.com\/note-legali\/","og_locale":"de_DE","og_type":"article","og_title":"Impressum - Maurizio Restaldo","og_description":"Herausgeber &amp; Eigent\u00fcmer Maurizio Restaldo, Arzt Design, Programmierung &amp; CMS ps-design d. Pircher Stefan Fotos &amp; Bildquellen Dr. Maurizio Restaldo, ps-design Hinweise &amp; Haftungsausschluss Alle Angaben und Inhalte dieser Internet-Seite wurden von uns sorgf\u00e4ltig \u00fcberpr\u00fcft. Trotz aller Sorgfalt kann keine Haftung oder Garantie f\u00fcr die Richtigkeit, Vollst\u00e4ndigkeit und Aktualit\u00e4t der Daten \u00fcbernommen werden. Maurizio Restaldo [&hellip;]","og_url":"https:\/\/www.mauriziorestaldo.com\/note-legali\/","og_site_name":"Maurizio Restaldo","article_modified_time":"2025-04-17T15:38:20+00:00","twitter_card":"summary_large_image","twitter_misc":{"Gesch\u00e4tzte Lesezeit":"1\u00a0Minute"},"schema":{"@context":"https:\/\/schema.org","@graph":[{"@type":"WebPage","@id":"https:\/\/www.mauriziorestaldo.com\/note-legali\/","url":"https:\/\/www.mauriziorestaldo.com\/note-legali\/","name":"Impressum - Maurizio Restaldo","isPartOf":{"@id":"https:\/\/www.mauriziorestaldo.com\/#website"},"datePublished":"2025-03-29T15:19:55+00:00","dateModified":"2025-04-17T15:38:20+00:00","breadcrumb":{"@id":"https:\/\/www.mauriziorestaldo.com\/note-legali\/#breadcrumb"},"inLanguage":"de","potentialAction":[{"@type":"ReadAction","target":["https:\/\/www.mauriziorestaldo.com\/note-legali\/"]}]},{"@type":"BreadcrumbList","@id":"https:\/\/www.mauriziorestaldo.com\/note-legali\/#breadcrumb","itemListElement":[{"@type":"ListItem","position":1,"name":"Start","item":"https:\/\/www.mauriziorestaldo.com\/de\/"},{"@type":"ListItem","position":2,"name":"Impressum"}]},{"@type":"WebSite","@id":"https:\/\/www.mauriziorestaldo.com\/#website","url":"https:\/\/www.mauriziorestaldo.com\/","name":"Maurizio Restaldo","description":"Medicina - Osteopatia - Agopuntura  &amp;  Root Motion","potentialAction":[{"@type":"SearchAction","target":{"@type":"EntryPoint","urlTemplate":"https:\/\/www.mauriziorestaldo.com\/?s={search_term_string}"},"query-input":{"@type":"PropertyValueSpecification","valueRequired":true,"valueName":"search_term_string"}}],"inLanguage":"de"}]}},"_links":{"self":[{"href":"https:\/\/www.mauriziorestaldo.com\/de\/wp-json\/wp\/v2\/pages\/227","targetHints":{"allow":["GET"]}}],"collection":[{"href":"https:\/\/www.mauriziorestaldo.com\/de\/wp-json\/wp\/v2\/pages"}],"about":[{"href":"https:\/\/www.mauriziorestaldo.com\/de\/wp-json\/wp\/v2\/types\/page"}],"author":[{"embeddable":true,"href":"https:\/\/www.mauriziorestaldo.com\/de\/wp-json\/wp\/v2\/users\/1"}],"replies":[{"embeddable":true,"href":"https:\/\/www.mauriziorestaldo.com\/de\/wp-json\/wp\/v2\/comments?post=227"}],"version-history":[{"count":0,"href":"https:\/\/www.mauriziorestaldo.com\/de\/wp-json\/wp\/v2\/pages\/227\/revisions"}],"wp:attachment":[{"href":"https:\/\/www.mauriziorestaldo.com\/de\/wp-json\/wp\/v2\/media?parent=227"}],"curies":[{"name":"wp","href":"https:\/\/api.w.org\/{rel}","templated":true}]}}